{"id":69,"date":"2018-02-19T00:58:06","date_gmt":"2018-02-18T23:58:06","guid":{"rendered":"http:\/\/schreinerei-lanker.ch\/?page_id=69"},"modified":"2018-02-19T22:26:56","modified_gmt":"2018-02-19T21:26:56","slug":"impressum","status":"publish","type":"page","link":"https:\/\/schreinerei-lanker.ch\/?page_id=69","title":{"rendered":"\u00dcber uns"},"content":{"rendered":"<h3>Samuel Lanker<\/h3>\n<p>Gesch\u00e4ftsf\u00fchrer Schreinerei Lanker<\/p>\n<p>&nbsp;<\/p>\n<blockquote><p>Seit dem Jahr 1992 f\u00fchre ich erfolgreich die Schreinerei Lanker in Davos. Ich habe grosse Freude an meinem Handwerk und\u00a0Betrieb.<\/p>\n<p>Qualit\u00e4t, Zuverl\u00e4ssigkeit und pers\u00f6nliche Beratung sind mir wichtig.<\/p><\/blockquote>\n<p>&nbsp;<\/p>\n<p>Gerne berate ich Sie auf Deutsch oder Franz\u00f6sisch.<\/p>\n","protected":false},"excerpt":{"rendered":"<p>Samuel Lanker Gesch\u00e4ftsf\u00fchrer Schreinerei Lanker &nbsp; Seit dem Jahr 1992 f\u00fchre ich erfolgreich die Schreinerei Lanker in Davos. Ich habe grosse Freude an meinem Handwerk und\u00a0Betrieb. Qualit\u00e4t, Zuverl\u00e4ssigkeit und pers\u00f6nliche Beratung sind mir wichtig. &nbsp; Gerne berate ich Sie auf Deutsch oder Franz\u00f6sisch.<\/p>\n","protected":false},"author":1,"featured_media":0,"parent":0,"menu_order":0,"comment_status":"closed","ping_status":"closed","template":"","meta":{"footnotes":""},"_links":{"self":[{"href":"https:\/\/schreinerei-lanker.ch\/index.php?rest_route=\/wp\/v2\/pages\/69"}],"collection":[{"href":"https:\/\/schreinerei-lanker.ch\/index.php?rest_route=\/wp\/v2\/pages"}],"about":[{"href":"https:\/\/schreinerei-lanker.ch\/index.php?rest_route=\/wp\/v2\/types\/page"}],"author":[{"embeddable":true,"href":"https:\/\/schreinerei-lanker.ch\/index.php?rest_route=\/wp\/v2\/users\/1"}],"replies":[{"embeddable":true,"href":"https:\/\/schreinerei-lanker.ch\/index.php?rest_route=%2Fwp%2Fv2%2Fcomments&post=69"}],"version-history":[{"count":5,"href":"https:\/\/schreinerei-lanker.ch\/index.php?rest_route=\/wp\/v2\/pages\/69\/revisions"}],"predecessor-version":[{"id":155,"href":"https:\/\/schreinerei-lanker.ch\/index.php?rest_route=\/wp\/v2\/pages\/69\/revisions\/155"}],"wp:attachment":[{"href":"https:\/\/schreinerei-lanker.ch\/index.php?rest_route=%2Fwp%2Fv2%2Fmedia&parent=69"}],"curies":[{"name":"wp","href":"https:\/\/api.w.org\/{rel}","templated":true}]}}