{"id":76,"date":"2018-02-19T00:59:06","date_gmt":"2018-02-18T23:59:06","guid":{"rendered":"http:\/\/schreinerei-lanker.ch\/?page_id=76"},"modified":"2018-02-22T21:38:57","modified_gmt":"2018-02-22T20:38:57","slug":"schreinerei","status":"publish","type":"page","link":"https:\/\/schreinerei-lanker.ch\/?page_id=76","title":{"rendered":"Schreinerei"},"content":{"rendered":"<h3>M\u00f6bel<\/h3>\n<blockquote><p>Ob freistehend oder eingebaut &#8211; wir verwirklichen Ihre W\u00fcnsche und Ideen nach Mass.<\/p><\/blockquote>\n<p>&nbsp;<\/p>\n<div id=\"envira-gallery-wrap-225\" class=\"envira-gallery-wrap envira-gallery-theme-base envira-lightbox-theme-base\" itemscope itemtype=\"https:\/\/schema.org\/ImageGallery\"><div data-row-height=\"150\" data-gallery-theme=\"normal\" id=\"envira-gallery-225\" class=\"envira-gallery-public envira-gallery-justified-public envira-gallery-0-columns envira-clear enviratope envira-gallery-css-animations\" data-envira-columns=\"0\"><div id=\"envira-gallery-item-204\" class=\"envira-gallery-item enviratope-item envira-gallery-item-1 envira-lazy-load\" style=\"padding-left: 5px; padding-bottom: 10px; padding-right: 5px;\"  itemscope itemtype=\"https:\/\/schema.org\/ImageObject\"><div class=\"envira-gallery-item-inner\"><div class=\"envira-gallery-position-overlay  envira-gallery-top-left\"><\/div><div class=\"envira-gallery-position-overlay  envira-gallery-top-right\"><\/div><div class=\"envira-gallery-position-overlay  envira-gallery-bottom-left\"><\/div><div class=\"envira-gallery-position-overlay  envira-gallery-bottom-right\"><\/div><a href=\"https:\/\/schreinerei-lanker.ch\/wp-content\/uploads\/2018\/02\/img01.jpg\" class=\"envira-gallery-225 envira-gallery-link\" rel=\"enviragallery225\" title=\"img01\" data-envira-caption=\"img01\" data-envira-retina=\"\" data-thumbnail=\"\"  itemprop=\"contentUrl\"><img decoding=\"async\" id=\"envira-gallery-image-204\" class=\"envira-gallery-image envira-gallery-image-1 envira-normal envira-lazy\" data-envira-index=\"1\" src=\"https:\/\/schreinerei-lanker.ch\/wp-content\/uploads\/2018\/02\/img01-640x480.jpg\" data-envira-src=\"https:\/\/schreinerei-lanker.ch\/wp-content\/uploads\/2018\/02\/img01-640x480.jpg\" data-envira-gallery-id=\"225\" data-envira-item-id=\"204\" data-envira-caption=\"img01\" alt=\"\" title=\"img01\"  itemprop=\"thumbnailUrl\" data-envira-srcset=\"https:\/\/schreinerei-lanker.ch\/wp-content\/uploads\/2018\/02\/img01-640x480.jpg 400w,https:\/\/schreinerei-lanker.ch\/wp-content\/uploads\/2018\/02\/img01-640x480.jpg 2x\" data-envira-width=\"300\" data-envira-height=\"225\" srcset=\"data:image\/gif;base64,R0lGODlhAQABAIAAAP\/\/\/\/\/\/\/yH5BAEKAAEALAAAAAABAAEAAAICTAEAOw==\" data-safe-src=\"data:image\/gif;base64,R0lGODlhAQABAIAAAP\/\/\/\/\/\/\/yH5BAEKAAEALAAAAAABAAEAAAICTAEAOw==\" \/><\/a><\/div><\/div><div id=\"envira-gallery-item-205\" class=\"envira-gallery-item enviratope-item envira-gallery-item-2 envira-lazy-load\" style=\"padding-left: 5px; padding-bottom: 10px; padding-right: 5px;\"  itemscope itemtype=\"https:\/\/schema.org\/ImageObject\"><div class=\"envira-gallery-item-inner\"><div class=\"envira-gallery-position-overlay  envira-gallery-top-left\"><\/div><div class=\"envira-gallery-position-overlay  envira-gallery-top-right\"><\/div><div class=\"envira-gallery-position-overlay  envira-gallery-bottom-left\"><\/div><div class=\"envira-gallery-position-overlay  envira-gallery-bottom-right\"><\/div><a href=\"https:\/\/schreinerei-lanker.ch\/wp-content\/uploads\/2018\/02\/img02.jpg\" class=\"envira-gallery-225 envira-gallery-link\" rel=\"enviragallery225\" title=\"img02\" data-envira-caption=\"img02\" data-envira-retina=\"\" data-thumbnail=\"\"  itemprop=\"contentUrl\"><img decoding=\"async\" id=\"envira-gallery-image-205\" class=\"envira-gallery-image envira-gallery-image-2 envira-normal envira-lazy\" data-envira-index=\"2\" src=\"https:\/\/schreinerei-lanker.ch\/wp-content\/uploads\/2018\/02\/img02-640x480.jpg\" data-envira-src=\"https:\/\/schreinerei-lanker.ch\/wp-content\/uploads\/2018\/02\/img02-640x480.jpg\" data-envira-gallery-id=\"225\" data-envira-item-id=\"205\" data-envira-caption=\"img02\" alt=\"\" title=\"img02\"  itemprop=\"thumbnailUrl\" data-envira-srcset=\"https:\/\/schreinerei-lanker.ch\/wp-content\/uploads\/2018\/02\/img02-640x480.jpg 400w,https:\/\/schreinerei-lanker.ch\/wp-content\/uploads\/2018\/02\/img02-640x480.jpg 2x\" data-envira-width=\"300\" data-envira-height=\"225\" srcset=\"data:image\/gif;base64,R0lGODlhAQABAIAAAP\/\/\/\/\/\/\/yH5BAEKAAEALAAAAAABAAEAAAICTAEAOw==\" data-safe-src=\"data:image\/gif;base64,R0lGODlhAQABAIAAAP\/\/\/\/\/\/\/yH5BAEKAAEALAAAAAABAAEAAAICTAEAOw==\" \/><\/a><\/div><\/div><div id=\"envira-gallery-item-206\" class=\"envira-gallery-item enviratope-item envira-gallery-item-3 envira-lazy-load\" style=\"padding-left: 5px; padding-bottom: 10px; padding-right: 5px;\"  itemscope itemtype=\"https:\/\/schema.org\/ImageObject\"><div class=\"envira-gallery-item-inner\"><div class=\"envira-gallery-position-overlay  envira-gallery-top-left\"><\/div><div class=\"envira-gallery-position-overlay  envira-gallery-top-right\"><\/div><div class=\"envira-gallery-position-overlay  envira-gallery-bottom-left\"><\/div><div class=\"envira-gallery-position-overlay  envira-gallery-bottom-right\"><\/div><a href=\"https:\/\/schreinerei-lanker.ch\/wp-content\/uploads\/2018\/02\/img03.jpg\" class=\"envira-gallery-225 envira-gallery-link\" rel=\"enviragallery225\" title=\"img03\" data-envira-caption=\"img03\" data-envira-retina=\"\" data-thumbnail=\"\"  itemprop=\"contentUrl\"><img decoding=\"async\" id=\"envira-gallery-image-206\" class=\"envira-gallery-image envira-gallery-image-3 envira-normal envira-lazy\" data-envira-index=\"3\" src=\"https:\/\/schreinerei-lanker.ch\/wp-content\/uploads\/2018\/02\/img03-640x480.jpg\" data-envira-src=\"https:\/\/schreinerei-lanker.ch\/wp-content\/uploads\/2018\/02\/img03-640x480.jpg\" data-envira-gallery-id=\"225\" data-envira-item-id=\"206\" data-envira-caption=\"img03\" alt=\"\" title=\"img03\"  itemprop=\"thumbnailUrl\" data-envira-srcset=\"https:\/\/schreinerei-lanker.ch\/wp-content\/uploads\/2018\/02\/img03-640x480.jpg 400w,https:\/\/schreinerei-lanker.ch\/wp-content\/uploads\/2018\/02\/img03-640x480.jpg 2x\" data-envira-width=\"300\" data-envira-height=\"225\" srcset=\"data:image\/gif;base64,R0lGODlhAQABAIAAAP\/\/\/\/\/\/\/yH5BAEKAAEALAAAAAABAAEAAAICTAEAOw==\" data-safe-src=\"data:image\/gif;base64,R0lGODlhAQABAIAAAP\/\/\/\/\/\/\/yH5BAEKAAEALAAAAAABAAEAAAICTAEAOw==\" \/><\/a><\/div><\/div><div id=\"envira-gallery-item-207\" class=\"envira-gallery-item enviratope-item envira-gallery-item-4 envira-lazy-load\" style=\"padding-left: 5px; padding-bottom: 10px; padding-right: 5px;\"  itemscope itemtype=\"https:\/\/schema.org\/ImageObject\"><div class=\"envira-gallery-item-inner\"><div class=\"envira-gallery-position-overlay  envira-gallery-top-left\"><\/div><div class=\"envira-gallery-position-overlay  envira-gallery-top-right\"><\/div><div class=\"envira-gallery-position-overlay  envira-gallery-bottom-left\"><\/div><div class=\"envira-gallery-position-overlay  envira-gallery-bottom-right\"><\/div><a href=\"https:\/\/schreinerei-lanker.ch\/wp-content\/uploads\/2018\/02\/img04.jpg\" class=\"envira-gallery-225 envira-gallery-link\" rel=\"enviragallery225\" title=\"img04\" data-envira-caption=\"img04\" data-envira-retina=\"\" data-thumbnail=\"\"  itemprop=\"contentUrl\"><img decoding=\"async\" id=\"envira-gallery-image-207\" class=\"envira-gallery-image envira-gallery-image-4 envira-normal envira-lazy\" data-envira-index=\"4\" src=\"https:\/\/schreinerei-lanker.ch\/wp-content\/uploads\/2018\/02\/img04-640x480.jpg\" data-envira-src=\"https:\/\/schreinerei-lanker.ch\/wp-content\/uploads\/2018\/02\/img04-640x480.jpg\" data-envira-gallery-id=\"225\" data-envira-item-id=\"207\" data-envira-caption=\"img04\" alt=\"\" title=\"img04\"  itemprop=\"thumbnailUrl\" data-envira-srcset=\"https:\/\/schreinerei-lanker.ch\/wp-content\/uploads\/2018\/02\/img04-640x480.jpg 400w,https:\/\/schreinerei-lanker.ch\/wp-content\/uploads\/2018\/02\/img04-640x480.jpg 2x\" data-envira-width=\"300\" data-envira-height=\"225\" srcset=\"data:image\/gif;base64,R0lGODlhAQABAIAAAP\/\/\/\/\/\/\/yH5BAEKAAEALAAAAAABAAEAAAICTAEAOw==\" data-safe-src=\"data:image\/gif;base64,R0lGODlhAQABAIAAAP\/\/\/\/\/\/\/yH5BAEKAAEALAAAAAABAAEAAAICTAEAOw==\" \/><\/a><\/div><\/div><div id=\"envira-gallery-item-208\" class=\"envira-gallery-item enviratope-item envira-gallery-item-5 envira-lazy-load\" style=\"padding-left: 5px; padding-bottom: 10px; padding-right: 5px;\"  itemscope itemtype=\"https:\/\/schema.org\/ImageObject\"><div class=\"envira-gallery-item-inner\"><div class=\"envira-gallery-position-overlay  envira-gallery-top-left\"><\/div><div class=\"envira-gallery-position-overlay  envira-gallery-top-right\"><\/div><div class=\"envira-gallery-position-overlay  envira-gallery-bottom-left\"><\/div><div class=\"envira-gallery-position-overlay  envira-gallery-bottom-right\"><\/div><a href=\"https:\/\/schreinerei-lanker.ch\/wp-content\/uploads\/2018\/02\/img05.jpg\" class=\"envira-gallery-225 envira-gallery-link\" rel=\"enviragallery225\" title=\"img05\" data-envira-caption=\"img05\" data-envira-retina=\"\" data-thumbnail=\"\"  itemprop=\"contentUrl\"><img decoding=\"async\" id=\"envira-gallery-image-208\" class=\"envira-gallery-image envira-gallery-image-5 envira-normal envira-lazy\" data-envira-index=\"5\" src=\"https:\/\/schreinerei-lanker.ch\/wp-content\/uploads\/2018\/02\/img05-640x480.jpg\" data-envira-src=\"https:\/\/schreinerei-lanker.ch\/wp-content\/uploads\/2018\/02\/img05-640x480.jpg\" data-envira-gallery-id=\"225\" data-envira-item-id=\"208\" data-envira-caption=\"img05\" alt=\"\" title=\"img05\"  itemprop=\"thumbnailUrl\" data-envira-srcset=\"https:\/\/schreinerei-lanker.ch\/wp-content\/uploads\/2018\/02\/img05-640x480.jpg 400w,https:\/\/schreinerei-lanker.ch\/wp-content\/uploads\/2018\/02\/img05-640x480.jpg 2x\" data-envira-width=\"300\" data-envira-height=\"225\" srcset=\"data:image\/gif;base64,R0lGODlhAQABAIAAAP\/\/\/\/\/\/\/yH5BAEKAAEALAAAAAABAAEAAAICTAEAOw==\" data-safe-src=\"data:image\/gif;base64,R0lGODlhAQABAIAAAP\/\/\/\/\/\/\/yH5BAEKAAEALAAAAAABAAEAAAICTAEAOw==\" \/><\/a><\/div><\/div><div id=\"envira-gallery-item-209\" class=\"envira-gallery-item enviratope-item envira-gallery-item-6 envira-lazy-load\" style=\"padding-left: 5px; padding-bottom: 10px; padding-right: 5px;\"  itemscope itemtype=\"https:\/\/schema.org\/ImageObject\"><div class=\"envira-gallery-item-inner\"><div class=\"envira-gallery-position-overlay  envira-gallery-top-left\"><\/div><div class=\"envira-gallery-position-overlay  envira-gallery-top-right\"><\/div><div class=\"envira-gallery-position-overlay  envira-gallery-bottom-left\"><\/div><div class=\"envira-gallery-position-overlay  envira-gallery-bottom-right\"><\/div><a href=\"https:\/\/schreinerei-lanker.ch\/wp-content\/uploads\/2018\/02\/img06.jpg\" class=\"envira-gallery-225 envira-gallery-link\" rel=\"enviragallery225\" title=\"img06\" data-envira-caption=\"img06\" data-envira-retina=\"\" data-thumbnail=\"\"  itemprop=\"contentUrl\"><img decoding=\"async\" id=\"envira-gallery-image-209\" class=\"envira-gallery-image envira-gallery-image-6 envira-normal envira-lazy\" data-envira-index=\"6\" src=\"https:\/\/schreinerei-lanker.ch\/wp-content\/uploads\/2018\/02\/img06-640x480.jpg\" data-envira-src=\"https:\/\/schreinerei-lanker.ch\/wp-content\/uploads\/2018\/02\/img06-640x480.jpg\" data-envira-gallery-id=\"225\" data-envira-item-id=\"209\" data-envira-caption=\"img06\" alt=\"\" title=\"img06\"  itemprop=\"thumbnailUrl\" data-envira-srcset=\"https:\/\/schreinerei-lanker.ch\/wp-content\/uploads\/2018\/02\/img06-640x480.jpg 400w,https:\/\/schreinerei-lanker.ch\/wp-content\/uploads\/2018\/02\/img06-640x480.jpg 2x\" data-envira-width=\"300\" data-envira-height=\"225\" srcset=\"data:image\/gif;base64,R0lGODlhAQABAIAAAP\/\/\/\/\/\/\/yH5BAEKAAEALAAAAAABAAEAAAICTAEAOw==\" data-safe-src=\"data:image\/gif;base64,R0lGODlhAQABAIAAAP\/\/\/\/\/\/\/yH5BAEKAAEALAAAAAABAAEAAAICTAEAOw==\" \/><\/a><\/div><\/div><\/div><\/div><noscript><img decoding=\"async\" src=\"https:\/\/schreinerei-lanker.ch\/wp-content\/uploads\/2018\/02\/img01.jpg\" alt=\"\" \/><img decoding=\"async\" src=\"https:\/\/schreinerei-lanker.ch\/wp-content\/uploads\/2018\/02\/img02.jpg\" alt=\"\" \/><img decoding=\"async\" src=\"https:\/\/schreinerei-lanker.ch\/wp-content\/uploads\/2018\/02\/img03.jpg\" alt=\"\" \/><img decoding=\"async\" src=\"https:\/\/schreinerei-lanker.ch\/wp-content\/uploads\/2018\/02\/img04.jpg\" alt=\"\" \/><img decoding=\"async\" src=\"https:\/\/schreinerei-lanker.ch\/wp-content\/uploads\/2018\/02\/img05.jpg\" alt=\"\" \/><img decoding=\"async\" src=\"https:\/\/schreinerei-lanker.ch\/wp-content\/uploads\/2018\/02\/img06.jpg\" alt=\"\" \/><\/noscript>\n<p>&nbsp;<\/p>\n<p>&nbsp;<\/p>\n<h3>Innenausbau<\/h3>\n<blockquote><p>R\u00e4ume zum Wohlf\u00fchlen &#8211; aus Holz geschaffen.<\/p><\/blockquote>\n<p>&nbsp;<\/p>\n<p><code id=\"envira_shortcode_228\"><div id=\"envira-gallery-wrap-228\" class=\"envira-gallery-wrap envira-gallery-theme-base envira-lightbox-theme-base\" itemscope itemtype=\"https:\/\/schema.org\/ImageGallery\"><div data-row-height=\"150\" data-gallery-theme=\"normal\" id=\"envira-gallery-228\" class=\"envira-gallery-public envira-gallery-justified-public envira-gallery-0-columns envira-clear enviratope envira-gallery-css-animations\" data-envira-columns=\"0\"><div id=\"envira-gallery-item-210\" class=\"envira-gallery-item enviratope-item envira-gallery-item-1 envira-lazy-load\" style=\"padding-left: 5px; padding-bottom: 10px; padding-right: 5px;\"  itemscope itemtype=\"https:\/\/schema.org\/ImageObject\"><div class=\"envira-gallery-item-inner\"><div class=\"envira-gallery-position-overlay  envira-gallery-top-left\"><\/div><div class=\"envira-gallery-position-overlay  envira-gallery-top-right\"><\/div><div class=\"envira-gallery-position-overlay  envira-gallery-bottom-left\"><\/div><div class=\"envira-gallery-position-overlay  envira-gallery-bottom-right\"><\/div><a href=\"https:\/\/schreinerei-lanker.ch\/wp-content\/uploads\/2018\/02\/img07.jpg\" class=\"envira-gallery-228 envira-gallery-link\" rel=\"enviragallery228\" title=\"img07\" data-envira-caption=\"img07\" data-envira-retina=\"\" data-thumbnail=\"\"  itemprop=\"contentUrl\"><img decoding=\"async\" id=\"envira-gallery-image-210\" class=\"envira-gallery-image envira-gallery-image-1 envira-normal envira-lazy\" data-envira-index=\"1\" src=\"https:\/\/schreinerei-lanker.ch\/wp-content\/uploads\/2018\/02\/img07-640x480.jpg\" data-envira-src=\"https:\/\/schreinerei-lanker.ch\/wp-content\/uploads\/2018\/02\/img07-640x480.jpg\" data-envira-gallery-id=\"228\" data-envira-item-id=\"210\" data-envira-caption=\"img07\" alt=\"\" title=\"img07\"  itemprop=\"thumbnailUrl\" data-envira-srcset=\"https:\/\/schreinerei-lanker.ch\/wp-content\/uploads\/2018\/02\/img07-640x480.jpg 400w,https:\/\/schreinerei-lanker.ch\/wp-content\/uploads\/2018\/02\/img07-640x480.jpg 2x\" data-envira-width=\"225\" data-envira-height=\"300\" srcset=\"data:image\/gif;base64,R0lGODlhAQABAIAAAP\/\/\/\/\/\/\/yH5BAEKAAEALAAAAAABAAEAAAICTAEAOw==\" data-safe-src=\"data:image\/gif;base64,R0lGODlhAQABAIAAAP\/\/\/\/\/\/\/yH5BAEKAAEALAAAAAABAAEAAAICTAEAOw==\" \/><\/a><\/div><\/div><div id=\"envira-gallery-item-211\" class=\"envira-gallery-item enviratope-item envira-gallery-item-2 envira-lazy-load\" style=\"padding-left: 5px; padding-bottom: 10px; padding-right: 5px;\"  itemscope itemtype=\"https:\/\/schema.org\/ImageObject\"><div class=\"envira-gallery-item-inner\"><div class=\"envira-gallery-position-overlay  envira-gallery-top-left\"><\/div><div class=\"envira-gallery-position-overlay  envira-gallery-top-right\"><\/div><div class=\"envira-gallery-position-overlay  envira-gallery-bottom-left\"><\/div><div class=\"envira-gallery-position-overlay  envira-gallery-bottom-right\"><\/div><a href=\"https:\/\/schreinerei-lanker.ch\/wp-content\/uploads\/2018\/02\/img08.jpg\" class=\"envira-gallery-228 envira-gallery-link\" rel=\"enviragallery228\" title=\"img08\" data-envira-caption=\"img08\" data-envira-retina=\"\" data-thumbnail=\"\"  itemprop=\"contentUrl\"><img decoding=\"async\" id=\"envira-gallery-image-211\" class=\"envira-gallery-image envira-gallery-image-2 envira-normal envira-lazy\" data-envira-index=\"2\" src=\"https:\/\/schreinerei-lanker.ch\/wp-content\/uploads\/2018\/02\/img08-640x480.jpg\" data-envira-src=\"https:\/\/schreinerei-lanker.ch\/wp-content\/uploads\/2018\/02\/img08-640x480.jpg\" data-envira-gallery-id=\"228\" data-envira-item-id=\"211\" data-envira-caption=\"img08\" alt=\"\" title=\"img08\"  itemprop=\"thumbnailUrl\" data-envira-srcset=\"https:\/\/schreinerei-lanker.ch\/wp-content\/uploads\/2018\/02\/img08-640x480.jpg 400w,https:\/\/schreinerei-lanker.ch\/wp-content\/uploads\/2018\/02\/img08-640x480.jpg 2x\" data-envira-width=\"300\" data-envira-height=\"225\" srcset=\"data:image\/gif;base64,R0lGODlhAQABAIAAAP\/\/\/\/\/\/\/yH5BAEKAAEALAAAAAABAAEAAAICTAEAOw==\" data-safe-src=\"data:image\/gif;base64,R0lGODlhAQABAIAAAP\/\/\/\/\/\/\/yH5BAEKAAEALAAAAAABAAEAAAICTAEAOw==\" \/><\/a><\/div><\/div><div id=\"envira-gallery-item-212\" class=\"envira-gallery-item enviratope-item envira-gallery-item-3 envira-lazy-load\" style=\"padding-left: 5px; padding-bottom: 10px; padding-right: 5px;\"  itemscope itemtype=\"https:\/\/schema.org\/ImageObject\"><div class=\"envira-gallery-item-inner\"><div class=\"envira-gallery-position-overlay  envira-gallery-top-left\"><\/div><div class=\"envira-gallery-position-overlay  envira-gallery-top-right\"><\/div><div class=\"envira-gallery-position-overlay  envira-gallery-bottom-left\"><\/div><div class=\"envira-gallery-position-overlay  envira-gallery-bottom-right\"><\/div><a href=\"https:\/\/schreinerei-lanker.ch\/wp-content\/uploads\/2018\/02\/img09.jpg\" class=\"envira-gallery-228 envira-gallery-link\" rel=\"enviragallery228\" title=\"img09\" data-envira-caption=\"img09\" data-envira-retina=\"\" data-thumbnail=\"\"  itemprop=\"contentUrl\"><img decoding=\"async\" id=\"envira-gallery-image-212\" class=\"envira-gallery-image envira-gallery-image-3 envira-normal envira-lazy\" data-envira-index=\"3\" src=\"https:\/\/schreinerei-lanker.ch\/wp-content\/uploads\/2018\/02\/img09-640x480.jpg\" data-envira-src=\"https:\/\/schreinerei-lanker.ch\/wp-content\/uploads\/2018\/02\/img09-640x480.jpg\" data-envira-gallery-id=\"228\" data-envira-item-id=\"212\" data-envira-caption=\"img09\" alt=\"\" title=\"img09\"  itemprop=\"thumbnailUrl\" data-envira-srcset=\"https:\/\/schreinerei-lanker.ch\/wp-content\/uploads\/2018\/02\/img09-640x480.jpg 400w,https:\/\/schreinerei-lanker.ch\/wp-content\/uploads\/2018\/02\/img09-640x480.jpg 2x\" data-envira-width=\"300\" data-envira-height=\"225\" srcset=\"data:image\/gif;base64,R0lGODlhAQABAIAAAP\/\/\/\/\/\/\/yH5BAEKAAEALAAAAAABAAEAAAICTAEAOw==\" data-safe-src=\"data:image\/gif;base64,R0lGODlhAQABAIAAAP\/\/\/\/\/\/\/yH5BAEKAAEALAAAAAABAAEAAAICTAEAOw==\" \/><\/a><\/div><\/div><\/div><\/div><noscript><img decoding=\"async\" src=\"https:\/\/schreinerei-lanker.ch\/wp-content\/uploads\/2018\/02\/img07.jpg\" alt=\"\" \/><img decoding=\"async\" src=\"https:\/\/schreinerei-lanker.ch\/wp-content\/uploads\/2018\/02\/img08.jpg\" alt=\"\" \/><img decoding=\"async\" src=\"https:\/\/schreinerei-lanker.ch\/wp-content\/uploads\/2018\/02\/img09.jpg\" alt=\"\" \/><\/noscript><\/code><\/p>\n<p>&nbsp;<\/p>\n","protected":false},"excerpt":{"rendered":"<p>M\u00f6bel Ob freistehend oder eingebaut &#8211; wir verwirklichen Ihre W\u00fcnsche und Ideen nach Mass. &nbsp; &nbsp; &nbsp; Innenausbau R\u00e4ume zum Wohlf\u00fchlen &#8211; aus Holz geschaffen. &nbsp; &nbsp;<\/p>\n","protected":false},"author":1,"featured_media":0,"parent":0,"menu_order":0,"comment_status":"closed","ping_status":"closed","template":"","meta":{"footnotes":""},"_links":{"self":[{"href":"https:\/\/schreinerei-lanker.ch\/index.php?rest_route=\/wp\/v2\/pages\/76"}],"collection":[{"href":"https:\/\/schreinerei-lanker.ch\/index.php?rest_route=\/wp\/v2\/pages"}],"about":[{"href":"https:\/\/schreinerei-lanker.ch\/index.php?rest_route=\/wp\/v2\/types\/page"}],"author":[{"embeddable":true,"href":"https:\/\/schreinerei-lanker.ch\/index.php?rest_route=\/wp\/v2\/users\/1"}],"replies":[{"embeddable":true,"href":"https:\/\/schreinerei-lanker.ch\/index.php?rest_route=%2Fwp%2Fv2%2Fcomments&post=76"}],"version-history":[{"count":6,"href":"https:\/\/schreinerei-lanker.ch\/index.php?rest_route=\/wp\/v2\/pages\/76\/revisions"}],"predecessor-version":[{"id":230,"href":"https:\/\/schreinerei-lanker.ch\/index.php?rest_route=\/wp\/v2\/pages\/76\/revisions\/230"}],"wp:attachment":[{"href":"https:\/\/schreinerei-lanker.ch\/index.php?rest_route=%2Fwp%2Fv2%2Fmedia&parent=76"}],"curies":[{"name":"wp","href":"https:\/\/api.w.org\/{rel}","templated":true}]}}