{"id":80,"date":"2018-02-19T00:59:27","date_gmt":"2018-02-18T23:59:27","guid":{"rendered":"http:\/\/schreinerei-lanker.ch\/?page_id=80"},"modified":"2018-02-22T21:44:23","modified_gmt":"2018-02-22T20:44:23","slug":"holzbau","status":"publish","type":"page","link":"https:\/\/schreinerei-lanker.ch\/?page_id=80","title":{"rendered":"Holzbau"},"content":{"rendered":"<h3>Bodenbel\u00e4ge<\/h3>\n<blockquote><p>Massive Holzb\u00f6den, Parkett oder Laminat &#8211; f\u00fcr jeden Raum den passenden Boden.<\/p><\/blockquote>\n<p>&nbsp;<\/p>\n<p><span style=\"font-family: Consolas;\"><div id=\"envira-gallery-wrap-234\" class=\"envira-gallery-wrap envira-gallery-theme-base envira-lightbox-theme-base\" itemscope itemtype=\"https:\/\/schema.org\/ImageGallery\"><div data-row-height=\"150\" data-gallery-theme=\"normal\" id=\"envira-gallery-234\" class=\"envira-gallery-public envira-gallery-justified-public envira-gallery-0-columns envira-clear enviratope envira-gallery-css-animations\" data-envira-columns=\"0\"><div id=\"envira-gallery-item-216\" class=\"envira-gallery-item enviratope-item envira-gallery-item-1 envira-lazy-load\" style=\"padding-left: 5px; padding-bottom: 10px; padding-right: 5px;\"  itemscope itemtype=\"https:\/\/schema.org\/ImageObject\"><div class=\"envira-gallery-item-inner\"><div class=\"envira-gallery-position-overlay  envira-gallery-top-left\"><\/div><div class=\"envira-gallery-position-overlay  envira-gallery-top-right\"><\/div><div class=\"envira-gallery-position-overlay  envira-gallery-bottom-left\"><\/div><div class=\"envira-gallery-position-overlay  envira-gallery-bottom-right\"><\/div><a href=\"https:\/\/schreinerei-lanker.ch\/wp-content\/uploads\/2018\/02\/img13.jpg\" class=\"envira-gallery-234 envira-gallery-link\" rel=\"enviragallery234\" title=\"img13\" data-envira-caption=\"img13\" data-envira-retina=\"\" data-thumbnail=\"\"  itemprop=\"contentUrl\"><img decoding=\"async\" id=\"envira-gallery-image-216\" class=\"envira-gallery-image envira-gallery-image-1 envira-normal envira-lazy\" data-envira-index=\"1\" src=\"https:\/\/schreinerei-lanker.ch\/wp-content\/uploads\/2018\/02\/img13-640x480.jpg\" data-envira-src=\"https:\/\/schreinerei-lanker.ch\/wp-content\/uploads\/2018\/02\/img13-640x480.jpg\" data-envira-gallery-id=\"234\" data-envira-item-id=\"216\" data-envira-caption=\"img13\" alt=\"\" title=\"img13\"  itemprop=\"thumbnailUrl\" data-envira-srcset=\"https:\/\/schreinerei-lanker.ch\/wp-content\/uploads\/2018\/02\/img13-640x480.jpg 400w,https:\/\/schreinerei-lanker.ch\/wp-content\/uploads\/2018\/02\/img13-640x480.jpg 2x\" data-envira-width=\"300\" data-envira-height=\"225\" srcset=\"data:image\/gif;base64,R0lGODlhAQABAIAAAP\/\/\/\/\/\/\/yH5BAEKAAEALAAAAAABAAEAAAICTAEAOw==\" data-safe-src=\"data:image\/gif;base64,R0lGODlhAQABAIAAAP\/\/\/\/\/\/\/yH5BAEKAAEALAAAAAABAAEAAAICTAEAOw==\" \/><\/a><\/div><\/div><div id=\"envira-gallery-item-217\" class=\"envira-gallery-item enviratope-item envira-gallery-item-2 envira-lazy-load\" style=\"padding-left: 5px; padding-bottom: 10px; padding-right: 5px;\"  itemscope itemtype=\"https:\/\/schema.org\/ImageObject\"><div class=\"envira-gallery-item-inner\"><div class=\"envira-gallery-position-overlay  envira-gallery-top-left\"><\/div><div class=\"envira-gallery-position-overlay  envira-gallery-top-right\"><\/div><div class=\"envira-gallery-position-overlay  envira-gallery-bottom-left\"><\/div><div class=\"envira-gallery-position-overlay  envira-gallery-bottom-right\"><\/div><a href=\"https:\/\/schreinerei-lanker.ch\/wp-content\/uploads\/2018\/02\/img14.jpg\" class=\"envira-gallery-234 envira-gallery-link\" rel=\"enviragallery234\" title=\"img14\" data-envira-caption=\"img14\" data-envira-retina=\"\" data-thumbnail=\"\"  itemprop=\"contentUrl\"><img decoding=\"async\" id=\"envira-gallery-image-217\" class=\"envira-gallery-image envira-gallery-image-2 envira-normal envira-lazy\" data-envira-index=\"2\" src=\"https:\/\/schreinerei-lanker.ch\/wp-content\/uploads\/2018\/02\/img14-640x480.jpg\" data-envira-src=\"https:\/\/schreinerei-lanker.ch\/wp-content\/uploads\/2018\/02\/img14-640x480.jpg\" data-envira-gallery-id=\"234\" data-envira-item-id=\"217\" data-envira-caption=\"img14\" alt=\"\" title=\"img14\"  itemprop=\"thumbnailUrl\" data-envira-srcset=\"https:\/\/schreinerei-lanker.ch\/wp-content\/uploads\/2018\/02\/img14-640x480.jpg 400w,https:\/\/schreinerei-lanker.ch\/wp-content\/uploads\/2018\/02\/img14-640x480.jpg 2x\" data-envira-width=\"300\" data-envira-height=\"225\" srcset=\"data:image\/gif;base64,R0lGODlhAQABAIAAAP\/\/\/\/\/\/\/yH5BAEKAAEALAAAAAABAAEAAAICTAEAOw==\" data-safe-src=\"data:image\/gif;base64,R0lGODlhAQABAIAAAP\/\/\/\/\/\/\/yH5BAEKAAEALAAAAAABAAEAAAICTAEAOw==\" \/><\/a><\/div><\/div><\/div><\/div><noscript><img decoding=\"async\" src=\"https:\/\/schreinerei-lanker.ch\/wp-content\/uploads\/2018\/02\/img13.jpg\" alt=\"\" \/><img decoding=\"async\" src=\"https:\/\/schreinerei-lanker.ch\/wp-content\/uploads\/2018\/02\/img14.jpg\" alt=\"\" \/><\/noscript><\/span><\/p>\n<p>&nbsp;<\/p>\n<h3>T\u00fcren<\/h3>\n<blockquote><p>Zimmert\u00fcren in vielen Varianten<br \/>\nWohnungsabschlusst\u00fcren, Sicherheitst\u00fcren oder Brandschutzt\u00fcren &#8211; zu Ihrem Schutz und Sicherheit.<\/p><\/blockquote>\n<p>&nbsp;<\/p>\n<p><span style=\"font-family: Consolas;\"><div id=\"envira-gallery-wrap-235\" class=\"envira-gallery-wrap envira-gallery-theme-base envira-lightbox-theme-base\" itemscope itemtype=\"https:\/\/schema.org\/ImageGallery\"><div data-row-height=\"150\" data-gallery-theme=\"normal\" id=\"envira-gallery-235\" class=\"envira-gallery-public envira-gallery-justified-public envira-gallery-0-columns envira-clear enviratope envira-gallery-css-animations\" data-envira-columns=\"0\"><div id=\"envira-gallery-item-218\" class=\"envira-gallery-item enviratope-item envira-gallery-item-1 envira-lazy-load\" style=\"padding-left: 5px; padding-bottom: 10px; padding-right: 5px;\"  itemscope itemtype=\"https:\/\/schema.org\/ImageObject\"><div class=\"envira-gallery-item-inner\"><div class=\"envira-gallery-position-overlay  envira-gallery-top-left\"><\/div><div class=\"envira-gallery-position-overlay  envira-gallery-top-right\"><\/div><div class=\"envira-gallery-position-overlay  envira-gallery-bottom-left\"><\/div><div class=\"envira-gallery-position-overlay  envira-gallery-bottom-right\"><\/div><a href=\"https:\/\/schreinerei-lanker.ch\/wp-content\/uploads\/2018\/02\/img15.jpg\" class=\"envira-gallery-235 envira-gallery-link\" rel=\"enviragallery235\" title=\"img15\" data-envira-caption=\"img15\" data-envira-retina=\"\" data-thumbnail=\"\"  itemprop=\"contentUrl\"><img decoding=\"async\" id=\"envira-gallery-image-218\" class=\"envira-gallery-image envira-gallery-image-1 envira-normal envira-lazy\" data-envira-index=\"1\" src=\"https:\/\/schreinerei-lanker.ch\/wp-content\/uploads\/2018\/02\/img15-640x480.jpg\" data-envira-src=\"https:\/\/schreinerei-lanker.ch\/wp-content\/uploads\/2018\/02\/img15-640x480.jpg\" data-envira-gallery-id=\"235\" data-envira-item-id=\"218\" data-envira-caption=\"img15\" alt=\"\" title=\"img15\"  itemprop=\"thumbnailUrl\" data-envira-srcset=\"https:\/\/schreinerei-lanker.ch\/wp-content\/uploads\/2018\/02\/img15-640x480.jpg 400w,https:\/\/schreinerei-lanker.ch\/wp-content\/uploads\/2018\/02\/img15-640x480.jpg 2x\" data-envira-width=\"300\" data-envira-height=\"225\" srcset=\"data:image\/gif;base64,R0lGODlhAQABAIAAAP\/\/\/\/\/\/\/yH5BAEKAAEALAAAAAABAAEAAAICTAEAOw==\" data-safe-src=\"data:image\/gif;base64,R0lGODlhAQABAIAAAP\/\/\/\/\/\/\/yH5BAEKAAEALAAAAAABAAEAAAICTAEAOw==\" \/><\/a><\/div><\/div><div id=\"envira-gallery-item-219\" class=\"envira-gallery-item enviratope-item envira-gallery-item-2 envira-lazy-load\" style=\"padding-left: 5px; padding-bottom: 10px; padding-right: 5px;\"  itemscope itemtype=\"https:\/\/schema.org\/ImageObject\"><div class=\"envira-gallery-item-inner\"><div class=\"envira-gallery-position-overlay  envira-gallery-top-left\"><\/div><div class=\"envira-gallery-position-overlay  envira-gallery-top-right\"><\/div><div class=\"envira-gallery-position-overlay  envira-gallery-bottom-left\"><\/div><div class=\"envira-gallery-position-overlay  envira-gallery-bottom-right\"><\/div><a href=\"https:\/\/schreinerei-lanker.ch\/wp-content\/uploads\/2018\/02\/img16.jpg\" class=\"envira-gallery-235 envira-gallery-link\" rel=\"enviragallery235\" title=\"img16\" data-envira-caption=\"img16\" data-envira-retina=\"\" data-thumbnail=\"\"  itemprop=\"contentUrl\"><img decoding=\"async\" id=\"envira-gallery-image-219\" class=\"envira-gallery-image envira-gallery-image-2 envira-normal envira-lazy\" data-envira-index=\"2\" src=\"https:\/\/schreinerei-lanker.ch\/wp-content\/uploads\/2018\/02\/img16-640x480.jpg\" data-envira-src=\"https:\/\/schreinerei-lanker.ch\/wp-content\/uploads\/2018\/02\/img16-640x480.jpg\" data-envira-gallery-id=\"235\" data-envira-item-id=\"219\" data-envira-caption=\"img16\" alt=\"\" title=\"img16\"  itemprop=\"thumbnailUrl\" data-envira-srcset=\"https:\/\/schreinerei-lanker.ch\/wp-content\/uploads\/2018\/02\/img16-640x480.jpg 400w,https:\/\/schreinerei-lanker.ch\/wp-content\/uploads\/2018\/02\/img16-640x480.jpg 2x\" data-envira-width=\"300\" data-envira-height=\"225\" srcset=\"data:image\/gif;base64,R0lGODlhAQABAIAAAP\/\/\/\/\/\/\/yH5BAEKAAEALAAAAAABAAEAAAICTAEAOw==\" data-safe-src=\"data:image\/gif;base64,R0lGODlhAQABAIAAAP\/\/\/\/\/\/\/yH5BAEKAAEALAAAAAABAAEAAAICTAEAOw==\" \/><\/a><\/div><\/div><\/div><\/div><noscript><img decoding=\"async\" src=\"https:\/\/schreinerei-lanker.ch\/wp-content\/uploads\/2018\/02\/img15.jpg\" alt=\"\" \/><img decoding=\"async\" src=\"https:\/\/schreinerei-lanker.ch\/wp-content\/uploads\/2018\/02\/img16.jpg\" alt=\"\" \/><\/noscript><\/span><\/p>\n<p>&nbsp;<\/p>\n","protected":false},"excerpt":{"rendered":"<p>Bodenbel\u00e4ge Massive Holzb\u00f6den, Parkett oder Laminat &#8211; f\u00fcr jeden Raum den passenden Boden. &nbsp; &nbsp; T\u00fcren Zimmert\u00fcren in vielen Varianten Wohnungsabschlusst\u00fcren, Sicherheitst\u00fcren oder Brandschutzt\u00fcren &#8211; zu Ihrem Schutz und Sicherheit. &nbsp; &nbsp;<\/p>\n","protected":false},"author":1,"featured_media":0,"parent":0,"menu_order":0,"comment_status":"closed","ping_status":"closed","template":"","meta":{"footnotes":""},"_links":{"self":[{"href":"https:\/\/schreinerei-lanker.ch\/index.php?rest_route=\/wp\/v2\/pages\/80"}],"collection":[{"href":"https:\/\/schreinerei-lanker.ch\/index.php?rest_route=\/wp\/v2\/pages"}],"about":[{"href":"https:\/\/schreinerei-lanker.ch\/index.php?rest_route=\/wp\/v2\/types\/page"}],"author":[{"embeddable":true,"href":"https:\/\/schreinerei-lanker.ch\/index.php?rest_route=\/wp\/v2\/users\/1"}],"replies":[{"embeddable":true,"href":"https:\/\/schreinerei-lanker.ch\/index.php?rest_route=%2Fwp%2Fv2%2Fcomments&post=80"}],"version-history":[{"count":4,"href":"https:\/\/schreinerei-lanker.ch\/index.php?rest_route=\/wp\/v2\/pages\/80\/revisions"}],"predecessor-version":[{"id":175,"href":"https:\/\/schreinerei-lanker.ch\/index.php?rest_route=\/wp\/v2\/pages\/80\/revisions\/175"}],"wp:attachment":[{"href":"https:\/\/schreinerei-lanker.ch\/index.php?rest_route=%2Fwp%2Fv2%2Fmedia&parent=80"}],"curies":[{"name":"wp","href":"https:\/\/api.w.org\/{rel}","templated":true}]}}